{"id":1061,"date":"2019-06-11T09:54:48","date_gmt":"2019-06-11T07:54:48","guid":{"rendered":"https:\/\/themes.getmotopress.com\/luviana\/?page_id=20"},"modified":"2023-03-15T20:30:58","modified_gmt":"2023-03-15T19:30:58","slug":"fira","status":"publish","type":"page","link":"https:\/\/lemoulinmesland.fr\/","title":{"rendered":"Le Moulin"},"content":{"rendered":"\n<p class=\"has-text-align-center\"> .<\/p>\n\n\n\n<p> <\/p>\n\n\n\n<!--more-->\n\n\n\n<div style=\"height:50px\" aria-hidden=\"true\" class=\"wp-block-spacer\"><\/div>\n\n\n<div class=\"mphb_sc_rooms-wrapper mphb-room-types is-style-style-2 alignwide\">\t<div class=\"mphb-room-types-wrapper\">\r\n\t\r\n<div class=\"mphb-room-type post-1102 mphb_room_type type-mphb_room_type status-publish mphb_room_type_category-double mphb_room_type_facility-liste-des-equipements mphb-room-type-adults-2 mphb-room-type-children-0 has-taxes-and-fees\">\r\n\r\n                <div class=\"room-images-wrapper\">\r\n            \n\n\t<div class=\"mphb-room-type-images\">\n\t<div id='mphb-flexslider-gallery-1' class='gallery-columns-1 gallery-size-luviana-square mphb-gallery-main-slider mphb-flexslider-gallery-wrapper mphb-room-type-gallery-wrapper mphb-gallery-main-slider-69d09913896fb' data-flexslider-atts='{\"animation\":\"slide\",\"controlNav\":false,\"animationLoop\":true,\"smoothHeight\":true,\"slideshow\":false}' data-group='69d09913896fb'><ul class=\"slides\"><li class='gallery-item'><span class='gallery-icon landscape'>\n\t\t\t\t<a href=\"https:\/\/lemoulinmesland.fr\/index.php\/accommodation\/appartement\/\"><img loading=\"lazy\" decoding=\"async\" width=\"640\" height=\"480\" src=\"https:\/\/lemoulinmesland.fr\/wp-content\/uploads\/2023\/02\/8a1dc773-7171-493f-9c46-921868e00f2f.webp\" class=\"attachment-luviana-square size-luviana-square\" alt=\"\" srcset=\"https:\/\/lemoulinmesland.fr\/wp-content\/uploads\/2023\/02\/8a1dc773-7171-493f-9c46-921868e00f2f.webp 640w, https:\/\/lemoulinmesland.fr\/wp-content\/uploads\/2023\/02\/8a1dc773-7171-493f-9c46-921868e00f2f-300x225.webp 300w\" sizes=\"auto, (max-width: 640px) 100vw, 640px\" \/><\/a>\n\t\t\t<\/span><\/li><li class='gallery-item'><span class='gallery-icon portrait'>\n\t\t\t\t<a href=\"https:\/\/lemoulinmesland.fr\/index.php\/accommodation\/appartement\/\"><img loading=\"lazy\" decoding=\"async\" width=\"480\" height=\"640\" src=\"https:\/\/lemoulinmesland.fr\/wp-content\/uploads\/2023\/02\/c83842ec-50c3-4279-8fbd-3b9b8bdba8e8.webp\" class=\"attachment-luviana-square size-luviana-square\" alt=\"\" srcset=\"https:\/\/lemoulinmesland.fr\/wp-content\/uploads\/2023\/02\/c83842ec-50c3-4279-8fbd-3b9b8bdba8e8.webp 480w, https:\/\/lemoulinmesland.fr\/wp-content\/uploads\/2023\/02\/c83842ec-50c3-4279-8fbd-3b9b8bdba8e8-225x300.webp 225w\" sizes=\"auto, (max-width: 480px) 100vw, 480px\" \/><\/a>\n\t\t\t<\/span><\/li><li class='gallery-item'><span class='gallery-icon landscape'>\n\t\t\t\t<a href=\"https:\/\/lemoulinmesland.fr\/index.php\/accommodation\/appartement\/\"><img loading=\"lazy\" decoding=\"async\" width=\"480\" height=\"360\" src=\"https:\/\/lemoulinmesland.fr\/wp-content\/uploads\/2023\/02\/99ec2aeb-bf8d-4882-b6e7-bd7a1a43d814.jpeg\" class=\"attachment-luviana-square size-luviana-square\" alt=\"\" srcset=\"https:\/\/lemoulinmesland.fr\/wp-content\/uploads\/2023\/02\/99ec2aeb-bf8d-4882-b6e7-bd7a1a43d814.jpeg 480w, https:\/\/lemoulinmesland.fr\/wp-content\/uploads\/2023\/02\/99ec2aeb-bf8d-4882-b6e7-bd7a1a43d814-300x225.jpeg 300w\" sizes=\"auto, (max-width: 480px) 100vw, 480px\" \/><\/a>\n\t\t\t<\/span><\/li><li class='gallery-item'><span class='gallery-icon landscape'>\n\t\t\t\t<a href=\"https:\/\/lemoulinmesland.fr\/index.php\/accommodation\/appartement\/\"><img loading=\"lazy\" decoding=\"async\" width=\"480\" height=\"360\" src=\"https:\/\/lemoulinmesland.fr\/wp-content\/uploads\/2023\/02\/09cdd3c3-53b0-439b-b4a8-95096804ceb0.webp\" class=\"attachment-luviana-square size-luviana-square\" alt=\"\" srcset=\"https:\/\/lemoulinmesland.fr\/wp-content\/uploads\/2023\/02\/09cdd3c3-53b0-439b-b4a8-95096804ceb0.webp 480w, https:\/\/lemoulinmesland.fr\/wp-content\/uploads\/2023\/02\/09cdd3c3-53b0-439b-b4a8-95096804ceb0-300x225.webp 300w\" sizes=\"auto, (max-width: 480px) 100vw, 480px\" \/><\/a>\n\t\t\t<\/span><\/li><li class='gallery-item'><span class='gallery-icon landscape'>\n\t\t\t\t<a href=\"https:\/\/lemoulinmesland.fr\/index.php\/accommodation\/appartement\/\"><img loading=\"lazy\" decoding=\"async\" width=\"480\" height=\"360\" src=\"https:\/\/lemoulinmesland.fr\/wp-content\/uploads\/2023\/02\/2d2f3def-0320-461f-9fd7-61064d9914d0.webp\" class=\"attachment-luviana-square size-luviana-square\" alt=\"\" srcset=\"https:\/\/lemoulinmesland.fr\/wp-content\/uploads\/2023\/02\/2d2f3def-0320-461f-9fd7-61064d9914d0.webp 480w, https:\/\/lemoulinmesland.fr\/wp-content\/uploads\/2023\/02\/2d2f3def-0320-461f-9fd7-61064d9914d0-300x225.webp 300w\" sizes=\"auto, (max-width: 480px) 100vw, 480px\" \/><\/a>\n\t\t\t<\/span><\/li><li class='gallery-item'><span class='gallery-icon portrait'>\n\t\t\t\t<a href=\"https:\/\/lemoulinmesland.fr\/index.php\/accommodation\/appartement\/\"><img loading=\"lazy\" decoding=\"async\" width=\"480\" height=\"640\" src=\"https:\/\/lemoulinmesland.fr\/wp-content\/uploads\/2023\/02\/0a1956ab-a51c-4867-a0ea-f596a2728352.webp\" class=\"attachment-luviana-square size-luviana-square\" alt=\"\" srcset=\"https:\/\/lemoulinmesland.fr\/wp-content\/uploads\/2023\/02\/0a1956ab-a51c-4867-a0ea-f596a2728352.webp 480w, https:\/\/lemoulinmesland.fr\/wp-content\/uploads\/2023\/02\/0a1956ab-a51c-4867-a0ea-f596a2728352-225x300.webp 225w\" sizes=\"auto, (max-width: 480px) 100vw, 480px\" \/><\/a>\n\t\t\t<\/span><\/li><\/ul>\n\t\t<\/div>\n\n\t<\/div>\n        <\/div>\r\n                <div class=\"room-description-wrapper\">\r\n            <div class=\"room-description-inner-wrapper\">\r\n                                    <div class=\"room-details\">\r\n                        \n<h2 class=\"mphb-room-type-title entry-title\">\n\n<a class=\"mphb-room-type-title\" href=\"https:\/\/lemoulinmesland.fr\/index.php\/accommodation\/appartement\/\">Spacieux logement avec jardin<\/a>\n\n<\/h2>\n\n<p>Arriv\u00e9e \u00e0 partir de 15h &#8211; D\u00e9part avant 11h.<br \/>\nLinge et m\u00e9nage inclus.<br \/>\nAnnulation gratuite jusqu&rsquo;\u00e0 24h avant la date de s\u00e9jour.<br \/>\nLes animaux ne sont pas accept\u00e9s. <\/p>\n\n\n<h3 class=\"mphb-room-type-details-title\">D\u00e9tails<\/h3><ul class=\"mphb-loop-room-type-attributes\">\n\n\n\t<li class=\"mphb-room-type-adults-capacity\"><span class=\"mphb-attribute-title mphb-adults-title\">Adultes :<\/span><span class=\"mphb-attribute-value\">\n\t2\n\t<\/span><\/li>\n\n\n\n\n\t<li class=\"mphb-room-type-view\"><span class=\"mphb-attribute-title mphb-view-title\">Vue :<\/span><span class=\"mphb-attribute-value\">\n\tVue sur la rivi\u00e8re\n\t<\/span><\/li>\n\n\n\n\n\t<li class=\"mphb-room-type-bed-type\"><span  class=\"mphb-attribute-title mphb-bed-type-title\">Type de lit :<\/span><span class=\"mphb-attribute-value\">\n\t160&#215;200\n\t<\/span><\/li>\n\n\n\t<li class=\"mphb-room-type-categories\"><span class=\"mphb-attribute-title mphb-categories-title\">Cat\u00e9gories :<\/span><span class=\"mphb-attribute-value\"> <span class=\"category-double\"><a href=\"https:\/\/lemoulinmesland.fr\/index.php\/accommodation-category\/double\/\">Rez-de-chauss\u00e9e<\/a><\/span><\/span><\/li>\n\n\n\t<li class=\"mphb-room-type-facilities\"><span class=\"mphb-attribute-title mphb-facilities-title\">\u00c9quipements :<\/span><span class=\"mphb-attribute-value\"> <span class=\"facility-liste-des-equipements\"><a href=\"https:\/\/lemoulinmesland.fr\/index.php\/accommodation-facility\/liste-des-equipements\/\">LISTE DES EQUIPEMENTS<\/a><\/span><\/span><\/li>\n\n<\/ul>                    <\/div>\r\n                                    <div class=\"room-booking-details\">\r\n                        \n\n\t<p class=\"mphb-regular-price\"><strong>Prix \u00e0 partir de:<\/strong>\n\t<span class=\"mphb-price\"><span class=\"mphb-currency\">&euro;<\/span>55<\/span> <span class=\"mphb-price-period\" title=\"Choisissez les dates pour voir les prix pertinents\">par nuit<\/span><span class=\"mphb-tax-information taxes-included\"> (+taxes et frais)<\/span>\n\t<\/p>\n\n<div class=\"mphb-to-book-btn-wrapper\">\n<form action=\"https:\/\/lemoulinmesland.fr\/index.php\/accommodation\/appartement\/#booking-form-1102\" method=\"get\" ><button type=\"submit\" class=\"button mphb-book-button\" >R\u00e9server<\/button><\/form>\n<br\/><\/div>\n<p class=\"mphb-view-details-button-wrapper\">\n<a class=\"button mphb-view-details-button\" href=\"https:\/\/lemoulinmesland.fr\/index.php\/accommodation\/appartement\/\" >Voir les d\u00e9tails<\/a>\n<\/p>                    <\/div>\r\n                            <\/div>\r\n        <\/div>\r\n    \r\n    \r\n<\/div>\r\n\r\n\r\n<div class=\"mphb-room-type post-1179 mphb_room_type type-mphb_room_type status-publish mphb_room_type_category-double mphb_room_type_facility-liste-des-equipements mphb-room-type-adults-2 mphb-room-type-children-0 has-taxes-and-fees\">\r\n\r\n                <div class=\"room-images-wrapper\">\r\n            \n\n\t<div class=\"mphb-room-type-images\">\n\t<div id='mphb-flexslider-gallery-2' class='gallery-columns-1 gallery-size-luviana-square mphb-gallery-main-slider mphb-flexslider-gallery-wrapper mphb-room-type-gallery-wrapper mphb-gallery-main-slider-69d099138c8f1' data-flexslider-atts='{\"animation\":\"slide\",\"controlNav\":false,\"animationLoop\":true,\"smoothHeight\":true,\"slideshow\":false}' data-group='69d099138c8f1'><ul class=\"slides\"><li class='gallery-item'><span class='gallery-icon landscape'>\n\t\t\t\t<a href=\"https:\/\/lemoulinmesland.fr\/index.php\/accommodation\/charmant-logement-avec-jardin\/\"><img loading=\"lazy\" decoding=\"async\" width=\"992\" height=\"768\" src=\"https:\/\/lemoulinmesland.fr\/wp-content\/uploads\/2023\/02\/426174215-992x768.jpg\" class=\"attachment-luviana-square size-luviana-square\" alt=\"\" \/><\/a>\n\t\t\t<\/span><\/li><li class='gallery-item'><span class='gallery-icon landscape'>\n\t\t\t\t<a href=\"https:\/\/lemoulinmesland.fr\/index.php\/accommodation\/charmant-logement-avec-jardin\/\"><img loading=\"lazy\" decoding=\"async\" width=\"992\" height=\"768\" src=\"https:\/\/lemoulinmesland.fr\/wp-content\/uploads\/2023\/02\/426174206-1-992x768.jpg\" class=\"attachment-luviana-square size-luviana-square\" alt=\"\" \/><\/a>\n\t\t\t<\/span><\/li><li class='gallery-item'><span class='gallery-icon portrait'>\n\t\t\t\t<a href=\"https:\/\/lemoulinmesland.fr\/index.php\/accommodation\/charmant-logement-avec-jardin\/\"><img loading=\"lazy\" decoding=\"async\" width=\"576\" height=\"768\" src=\"https:\/\/lemoulinmesland.fr\/wp-content\/uploads\/2023\/02\/426174197.jpg\" class=\"attachment-luviana-square size-luviana-square\" alt=\"\" srcset=\"https:\/\/lemoulinmesland.fr\/wp-content\/uploads\/2023\/02\/426174197.jpg 576w, https:\/\/lemoulinmesland.fr\/wp-content\/uploads\/2023\/02\/426174197-225x300.jpg 225w\" sizes=\"auto, (max-width: 576px) 100vw, 576px\" \/><\/a>\n\t\t\t<\/span><\/li><li class='gallery-item'><span class='gallery-icon landscape'>\n\t\t\t\t<a href=\"https:\/\/lemoulinmesland.fr\/index.php\/accommodation\/charmant-logement-avec-jardin\/\"><img loading=\"lazy\" decoding=\"async\" width=\"992\" height=\"768\" src=\"https:\/\/lemoulinmesland.fr\/wp-content\/uploads\/2023\/02\/426174191-992x768.jpg\" class=\"attachment-luviana-square size-luviana-square\" alt=\"\" \/><\/a>\n\t\t\t<\/span><\/li><li class='gallery-item'><span class='gallery-icon landscape'>\n\t\t\t\t<a href=\"https:\/\/lemoulinmesland.fr\/index.php\/accommodation\/charmant-logement-avec-jardin\/\"><img loading=\"lazy\" decoding=\"async\" width=\"992\" height=\"768\" src=\"https:\/\/lemoulinmesland.fr\/wp-content\/uploads\/2023\/02\/426174178-992x768.jpg\" class=\"attachment-luviana-square size-luviana-square\" alt=\"\" \/><\/a>\n\t\t\t<\/span><\/li><\/ul>\n\t\t<\/div>\n\n\t<\/div>\n        <\/div>\r\n                <div class=\"room-description-wrapper\">\r\n            <div class=\"room-description-inner-wrapper\">\r\n                                    <div class=\"room-details\">\r\n                        \n<h2 class=\"mphb-room-type-title entry-title\">\n\n<a class=\"mphb-room-type-title\" href=\"https:\/\/lemoulinmesland.fr\/index.php\/accommodation\/charmant-logement-avec-jardin\/\">Charmant logement avec jardin<\/a>\n\n<\/h2>\n\n<p>Arriv\u00e9e \u00e0 partir de 15h &#8211; D\u00e9part avant 11h.<br \/>\nLinge et m\u00e9nage inclus.<br \/>\nAnnulation gratuite jusqu&rsquo;\u00e0 24h avant la date de s\u00e9jour.<br \/>\nLes animaux ne sont pas accept\u00e9s. <\/p>\n\n\n<h3 class=\"mphb-room-type-details-title\">D\u00e9tails<\/h3><ul class=\"mphb-loop-room-type-attributes\">\n\n\n\t<li class=\"mphb-room-type-adults-capacity\"><span class=\"mphb-attribute-title mphb-adults-title\">Adultes :<\/span><span class=\"mphb-attribute-value\">\n\t2\n\t<\/span><\/li>\n\n\n\n\n\t<li class=\"mphb-room-type-view\"><span class=\"mphb-attribute-title mphb-view-title\">Vue :<\/span><span class=\"mphb-attribute-value\">\n\tVue sur la rivi\u00e8re\n\t<\/span><\/li>\n\n\n\n\n\t<li class=\"mphb-room-type-bed-type\"><span  class=\"mphb-attribute-title mphb-bed-type-title\">Type de lit :<\/span><span class=\"mphb-attribute-value\">\n\t160&#215;200\n\t<\/span><\/li>\n\n\n\t<li class=\"mphb-room-type-categories\"><span class=\"mphb-attribute-title mphb-categories-title\">Cat\u00e9gories :<\/span><span class=\"mphb-attribute-value\"> <span class=\"category-double\"><a href=\"https:\/\/lemoulinmesland.fr\/index.php\/accommodation-category\/double\/\">Rez-de-chauss\u00e9e<\/a><\/span><\/span><\/li>\n\n\n\t<li class=\"mphb-room-type-facilities\"><span class=\"mphb-attribute-title mphb-facilities-title\">\u00c9quipements :<\/span><span class=\"mphb-attribute-value\"> <span class=\"facility-liste-des-equipements\"><a href=\"https:\/\/lemoulinmesland.fr\/index.php\/accommodation-facility\/liste-des-equipements\/\">LISTE DES EQUIPEMENTS<\/a><\/span><\/span><\/li>\n\n<\/ul>                    <\/div>\r\n                                    <div class=\"room-booking-details\">\r\n                        \n\n\t<p class=\"mphb-regular-price\"><strong>Prix \u00e0 partir de:<\/strong>\n\t<span class=\"mphb-price\"><span class=\"mphb-currency\">&euro;<\/span>55<\/span> <span class=\"mphb-price-period\" title=\"Choisissez les dates pour voir les prix pertinents\">par nuit<\/span><span class=\"mphb-tax-information taxes-included\"> (+taxes et frais)<\/span>\n\t<\/p>\n\n<div class=\"mphb-to-book-btn-wrapper\">\n<form action=\"https:\/\/lemoulinmesland.fr\/index.php\/accommodation\/charmant-logement-avec-jardin\/#booking-form-1179\" method=\"get\" ><button type=\"submit\" class=\"button mphb-book-button\" >R\u00e9server<\/button><\/form>\n<br\/><\/div>\n<p class=\"mphb-view-details-button-wrapper\">\n<a class=\"button mphb-view-details-button\" href=\"https:\/\/lemoulinmesland.fr\/index.php\/accommodation\/charmant-logement-avec-jardin\/\" >Voir les d\u00e9tails<\/a>\n<\/p>                    <\/div>\r\n                            <\/div>\r\n        <\/div>\r\n    \r\n    \r\n<\/div>\r\n\r\n\t<\/div>\r\n\t<\/div>","protected":false},"excerpt":{"rendered":"<p> Le Moulin propose diff\u00e9rents meubl\u00e9s de tourisme ind\u00e9pendants avec jardin dans le village viticole de Mesland au c\u0153ur du Val de Loire.<\/p>\n","protected":false},"author":1,"featured_media":1117,"parent":0,"menu_order":0,"comment_status":"closed","ping_status":"closed","template":"template-front-page.php","meta":{"inline_featured_image":false,"footnotes":""},"class_list":["post-1061","page","type-page","status-publish","has-post-thumbnail","hentry"],"_links":{"self":[{"href":"https:\/\/lemoulinmesland.fr\/index.php\/wp-json\/wp\/v2\/pages\/1061","targetHints":{"allow":["GET"]}}],"collection":[{"href":"https:\/\/lemoulinmesland.fr\/index.php\/wp-json\/wp\/v2\/pages"}],"about":[{"href":"https:\/\/lemoulinmesland.fr\/index.php\/wp-json\/wp\/v2\/types\/page"}],"author":[{"embeddable":true,"href":"https:\/\/lemoulinmesland.fr\/index.php\/wp-json\/wp\/v2\/users\/1"}],"replies":[{"embeddable":true,"href":"https:\/\/lemoulinmesland.fr\/index.php\/wp-json\/wp\/v2\/comments?post=1061"}],"version-history":[{"count":9,"href":"https:\/\/lemoulinmesland.fr\/index.php\/wp-json\/wp\/v2\/pages\/1061\/revisions"}],"predecessor-version":[{"id":1372,"href":"https:\/\/lemoulinmesland.fr\/index.php\/wp-json\/wp\/v2\/pages\/1061\/revisions\/1372"}],"wp:featuredmedia":[{"embeddable":true,"href":"https:\/\/lemoulinmesland.fr\/index.php\/wp-json\/wp\/v2\/media\/1117"}],"wp:attachment":[{"href":"https:\/\/lemoulinmesland.fr\/index.php\/wp-json\/wp\/v2\/media?parent=1061"}],"curies":[{"name":"wp","href":"https:\/\/api.w.org\/{rel}","templated":true}]}}